{"id":3061,"date":"2026-01-20T11:38:07","date_gmt":"2026-01-20T11:38:07","guid":{"rendered":"https:\/\/hoekstra.youvia.previewnow.site\/umgebungen\/"},"modified":"2026-03-18T12:24:34","modified_gmt":"2026-03-18T12:24:34","slug":"umgebungen","status":"publish","type":"page","link":"https:\/\/hoekstra-jachtcharter.nl\/de\/umgebungen\/","title":{"rendered":"Umgebungen"},"content":{"rendered":"\t\t<div data-elementor-type=\"wp-page\" data-elementor-id=\"3061\" class=\"elementor elementor-3061 elementor-1313\">\n\t\t\t\t<div class=\"elementor-element elementor-element-2c592f86 e-con-full e-flex e-con e-parent\" data-id=\"2c592f86\" data-element_type=\"container\">\n\t\t<div class=\"elementor-element elementor-element-492389fe e-con-full e-flex e-con e-child\" data-id=\"492389fe\" data-element_type=\"container\" data-settings=\"{&quot;background_background&quot;:&quot;classic&quot;}\">\n\t\t<div class=\"elementor-element elementor-element-29f86c90 e-con-full e-flex e-con e-child\" data-id=\"29f86c90\" data-element_type=\"container\">\n\t\t\t\t<div class=\"elementor-element elementor-element-30c01de elementor-invisible elementor-widget elementor-widget-heading\" data-id=\"30c01de\" data-element_type=\"widget\" data-settings=\"{&quot;_animation&quot;:&quot;slideInUp&quot;}\" data-widget_type=\"heading.default\">\n\t\t\t\t<div class=\"elementor-widget-container\">\n\t\t\t\t\t<h1 class=\"elementor-heading-title elementor-size-default\">Umgebungen<\/h1>\t\t\t\t<\/div>\n\t\t\t\t<\/div>\n\t\t\t\t<\/div>\n\t\t\t\t<\/div>\n\t\t\t\t<\/div>\n\t\t<div class=\"elementor-element elementor-element-1bdb78c5 e-flex e-con-boxed e-con e-parent\" data-id=\"1bdb78c5\" data-element_type=\"container\" data-settings=\"{&quot;background_background&quot;:&quot;classic&quot;}\">\n\t\t\t\t\t<div class=\"e-con-inner\">\n\t\t<div class=\"elementor-element elementor-element-2042210e e-con-full e-flex elementor-invisible e-con e-child\" data-id=\"2042210e\" data-element_type=\"container\" data-settings=\"{&quot;background_background&quot;:&quot;classic&quot;,&quot;animation&quot;:&quot;zoomIn&quot;}\">\n\t\t\t\t<div class=\"elementor-element elementor-element-7ad5f0fc elementor-widget elementor-widget-heading\" data-id=\"7ad5f0fc\" data-element_type=\"widget\" data-widget_type=\"heading.default\">\n\t\t\t\t<div class=\"elementor-widget-container\">\n\t\t\t\t\t<h4 class=\"elementor-heading-title elementor-size-default\">\"Jachtcharter Hoekstra. Im Nationalpark 'de Alde Feanen', Earnew\u00e2ld.<br>  Das Herz von Friesland\"\n<\/h4>\t\t\t\t<\/div>\n\t\t\t\t<\/div>\n\t\t\t\t<\/div>\n\t\t\t\t\t<\/div>\n\t\t\t\t<\/div>\n\t\t<div class=\"elementor-element elementor-element-26be6fe e-flex e-con-boxed e-con e-parent\" data-id=\"26be6fe\" data-element_type=\"container\">\n\t\t\t\t\t<div class=\"e-con-inner\">\n\t\t<div class=\"elementor-element elementor-element-35d5b272 e-con-full e-flex elementor-invisible e-con e-child\" data-id=\"35d5b272\" data-element_type=\"container\" data-settings=\"{&quot;background_background&quot;:&quot;classic&quot;,&quot;animation&quot;:&quot;zoomIn&quot;}\">\n\t\t<div class=\"elementor-element elementor-element-1123037f e-con-full e-flex e-con e-child\" data-id=\"1123037f\" data-element_type=\"container\" data-settings=\"{&quot;background_background&quot;:&quot;classic&quot;}\">\n\t\t\t\t<\/div>\n\t\t<div class=\"elementor-element elementor-element-5d9b81e7 e-con-full e-flex e-con e-child\" data-id=\"5d9b81e7\" data-element_type=\"container\" data-settings=\"{&quot;background_background&quot;:&quot;classic&quot;}\">\n\t\t\t\t<div class=\"elementor-element elementor-element-7e3a9671 elementor-widget elementor-widget-text-editor\" data-id=\"7e3a9671\" data-element_type=\"widget\" data-widget_type=\"text-editor.default\">\n\t\t\t\t<div class=\"elementor-widget-container\">\n\t\t\t\t\t\t\t\t\tWo andere erst segeln m\u00fcssen, um die einzigartige Flora und Fauna vom Wasser aus zu bewundern, sind die Yachtcharter-Mieter von Hoekstra schon da: im Naturschutzgebiet De Princenhof, Teil des Nationalparks De Alde Feanen. Am Rande dieses Niedermoores mit seinen zahlreichen Kan\u00e4len, in dem gem\u00fctlichen Dorf Earnew\u00e2ld.\t\t\t\t\t\t\t\t<\/div>\n\t\t\t\t<\/div>\n\t\t\t\t<div class=\"elementor-element elementor-element-4e33b681 elementor-widget elementor-widget-text-editor\" data-id=\"4e33b681\" data-element_type=\"widget\" data-widget_type=\"text-editor.default\">\n\t\t\t\t<div class=\"elementor-widget-container\">\n\t\t\t\t\t\t\t\t\tKreuzer von Hoekstra Yachtcharter sind zuverl\u00e4ssig, solide und komplett. Unsere Schiffe sind sch\u00f6ne und praktisch angelegte Stahlkreuzer mit einem Dieselmotor. Die Schiffe sind in L\u00e4ngen von 7,80 m. bis 14,50 m. in verschiedenen Ausstattungsniveaus erh\u00e4ltlich, alle mit einem kompletten Inventar entsprechend der Anzahl der Personen, die an Bord sein k\u00f6nnen. Alles, was Sie mitbringen m\u00fcssen, sind Bettw\u00e4sche, Handt\u00fccher, Badet\u00fccher und Geschirrt\u00fccher (Sie k\u00f6nnen bei uns Bettdecken mieten, \u20ac 10,- p.P.), Karten und Routenvorschl\u00e4ge sind an Bord. F\u00fcr unsere Motoryachten ben\u00f6tigen Sie keinen Bootsf\u00fchrerschein. Der Mieter\/Skipper muss vollj\u00e4hrig sein.\t\t\t\t\t\t\t\t<\/div>\n\t\t\t\t<\/div>\n\t\t\t\t<div class=\"elementor-element elementor-element-5d66d574 elementor-widget elementor-widget-text-editor\" data-id=\"5d66d574\" data-element_type=\"widget\" data-widget_type=\"text-editor.default\">\n\t\t\t\t<div class=\"elementor-widget-container\">\n\t\t\t\t\t\t\t\t\t<p>Schaluppenvermietung: Sch\u00f6ne Schaluppen zum Mieten f\u00fcr einen entspannten Tagesausflug und\/oder zum Mieten einer Schaluppe f\u00fcr Ihre Unterkunft. Wir vermieten Schaluppen f\u00fcr 2-6 Personen, 2-8 Personen und 2-10 Personen. Sehen Sie sich die Website von <a href=\"https:\/\/www.sloepenverhuur.frl\/sloepen_overzicht.html\" target=\"_blank\" rel=\"noopener\">Sloop rental<\/a> an<\/p>\t\t\t\t\t\t\t\t<\/div>\n\t\t\t\t<\/div>\n\t\t\t\t<\/div>\n\t\t\t\t<\/div>\n\t\t\t\t\t<\/div>\n\t\t\t\t<\/div>\n\t\t\t\t<\/div>\n\t\t","protected":false},"excerpt":{"rendered":"<p>Umgebungen &#8222;Jachtcharter Hoekstra. Im Nationalpark &#8218;de Alde Feanen&#8216;, Earnew\u00e2ld. Das Herz von Friesland&#8220; Wo andere erst segeln m\u00fcssen, um die einzigartige Flora und Fauna vom Wasser aus zu bewundern, sind die Yachtcharter-Mieter von Hoekstra schon da: im Naturschutzgebiet De Princenhof, Teil des Nationalparks De Alde Feanen. Am Rande dieses Niedermoores mit seinen zahlreichen Kan\u00e4len, in [&hellip;]<\/p>\n","protected":false},"author":1,"featured_media":0,"parent":0,"menu_order":0,"comment_status":"closed","ping_status":"closed","template":"","meta":{"site-sidebar-layout":"no-sidebar","site-content-layout":"page-builder","ast-site-content-layout":"full-width-container","site-content-style":"default","site-sidebar-style":"default","ast-global-header-display":"","ast-banner-title-visibility":"","ast-main-header-display":"","ast-hfb-above-header-display":"","ast-hfb-below-header-display":"","ast-hfb-mobile-header-display":"","site-post-title":"disabled","ast-breadcrumbs-content":"","ast-featured-img":"disabled","footer-sml-layout":"","ast-disable-related-posts":"","theme-transparent-header-meta":"","adv-header-id-meta":"","stick-header-meta":"","header-above-stick-meta":"","header-main-stick-meta":"","header-below-stick-meta":"","astra-migrate-meta-layouts":"default","ast-page-background-enabled":"default","ast-page-background-meta":{"desktop":{"background-color":"","background-image":"","background-repeat":"repeat","background-position":"center center","background-size":"auto","background-attachment":"scroll","background-type":"","background-media":"","overlay-type":"","overlay-color":"","overlay-opacity":"","overlay-gradient":""},"tablet":{"background-color":"","background-image":"","background-repeat":"repeat","background-position":"center center","background-size":"auto","background-attachment":"scroll","background-type":"","background-media":"","overlay-type":"","overlay-color":"","overlay-opacity":"","overlay-gradient":""},"mobile":{"background-color":"","background-image":"","background-repeat":"repeat","background-position":"center center","background-size":"auto","background-attachment":"scroll","background-type":"","background-media":"","overlay-type":"","overlay-color":"","overlay-opacity":"","overlay-gradient":""}},"ast-content-background-meta":{"desktop":{"background-color":"var(--ast-global-color-5)","background-image":"","background-repeat":"repeat","background-position":"center center","background-size":"auto","background-attachment":"scroll","background-type":"","background-media":"","overlay-type":"","overlay-color":"","overlay-opacity":"","overlay-gradient":""},"tablet":{"background-color":"var(--ast-global-color-5)","background-image":"","background-repeat":"repeat","background-position":"center center","background-size":"auto","background-attachment":"scroll","background-type":"","background-media":"","overlay-type":"","overlay-color":"","overlay-opacity":"","overlay-gradient":""},"mobile":{"background-color":"var(--ast-global-color-5)","background-image":"","background-repeat":"repeat","background-position":"center center","background-size":"auto","background-attachment":"scroll","background-type":"","background-media":"","overlay-type":"","overlay-color":"","overlay-opacity":"","overlay-gradient":""}},"footnotes":""},"class_list":["post-3061","page","type-page","status-publish","hentry"],"_links":{"self":[{"href":"https:\/\/hoekstra-jachtcharter.nl\/de\/wp-json\/wp\/v2\/pages\/3061","targetHints":{"allow":["GET"]}}],"collection":[{"href":"https:\/\/hoekstra-jachtcharter.nl\/de\/wp-json\/wp\/v2\/pages"}],"about":[{"href":"https:\/\/hoekstra-jachtcharter.nl\/de\/wp-json\/wp\/v2\/types\/page"}],"author":[{"embeddable":true,"href":"https:\/\/hoekstra-jachtcharter.nl\/de\/wp-json\/wp\/v2\/users\/1"}],"replies":[{"embeddable":true,"href":"https:\/\/hoekstra-jachtcharter.nl\/de\/wp-json\/wp\/v2\/comments?post=3061"}],"version-history":[{"count":4,"href":"https:\/\/hoekstra-jachtcharter.nl\/de\/wp-json\/wp\/v2\/pages\/3061\/revisions"}],"predecessor-version":[{"id":3340,"href":"https:\/\/hoekstra-jachtcharter.nl\/de\/wp-json\/wp\/v2\/pages\/3061\/revisions\/3340"}],"wp:attachment":[{"href":"https:\/\/hoekstra-jachtcharter.nl\/de\/wp-json\/wp\/v2\/media?parent=3061"}],"curies":[{"name":"wp","href":"https:\/\/api.w.org\/{rel}","templated":true}]}}