{"id":3079,"date":"2026-01-20T11:39:38","date_gmt":"2026-01-20T11:39:38","guid":{"rendered":"https:\/\/hoekstra.youvia.previewnow.site\/annullierungsversicherung\/"},"modified":"2026-03-18T10:42:13","modified_gmt":"2026-03-18T10:42:13","slug":"annullierungsversicherung","status":"publish","type":"page","link":"https:\/\/hoekstra-jachtcharter.nl\/de\/annullierungsversicherung\/","title":{"rendered":"Annullierungsversicherung"},"content":{"rendered":"\t\t<div data-elementor-type=\"wp-page\" data-elementor-id=\"3079\" class=\"elementor elementor-3079 elementor-1317\">\n\t\t\t\t<div class=\"elementor-element elementor-element-48e6c0b e-con-full e-flex e-con e-parent\" data-id=\"48e6c0b\" data-element_type=\"container\">\n\t\t<div class=\"elementor-element elementor-element-26483106 e-con-full e-flex e-con e-child\" data-id=\"26483106\" data-element_type=\"container\" data-settings=\"{&quot;background_background&quot;:&quot;classic&quot;}\">\n\t\t<div class=\"elementor-element elementor-element-537d7c9b e-con-full e-flex e-con e-child\" data-id=\"537d7c9b\" data-element_type=\"container\">\n\t\t\t\t<div class=\"elementor-element elementor-element-461e7495 elementor-invisible elementor-widget elementor-widget-heading\" data-id=\"461e7495\" data-element_type=\"widget\" data-settings=\"{&quot;_animation&quot;:&quot;slideInUp&quot;}\" data-widget_type=\"heading.default\">\n\t\t\t\t<div class=\"elementor-widget-container\">\n\t\t\t\t\t<h1 class=\"elementor-heading-title elementor-size-default\">Reiser\u00fccktrittsversicherung<\/h1>\t\t\t\t<\/div>\n\t\t\t\t<\/div>\n\t\t\t\t<\/div>\n\t\t\t\t<\/div>\n\t\t\t\t<\/div>\n\t\t<div class=\"elementor-element elementor-element-34a897ed e-flex e-con-boxed e-con e-parent\" data-id=\"34a897ed\" data-element_type=\"container\" data-settings=\"{&quot;background_background&quot;:&quot;classic&quot;}\">\n\t\t\t\t\t<div class=\"e-con-inner\">\n\t\t<div class=\"elementor-element elementor-element-86227b9 e-con-full e-flex elementor-invisible e-con e-child\" data-id=\"86227b9\" data-element_type=\"container\" data-settings=\"{&quot;background_background&quot;:&quot;classic&quot;,&quot;animation&quot;:&quot;zoomIn&quot;}\">\n\t\t\t\t<div class=\"elementor-element elementor-element-633b6f7a elementor-widget elementor-widget-heading\" data-id=\"633b6f7a\" data-element_type=\"widget\" data-widget_type=\"heading.default\">\n\t\t\t\t<div class=\"elementor-widget-container\">\n\t\t\t\t\t<h4 class=\"elementor-heading-title elementor-size-default\">\"Jachtcharter Hoekstra. Im Nationalpark 'de Alde Feanen', Earnew\u00e2ld.  <br>Das Herz von Friesland\"\n<\/h4>\t\t\t\t<\/div>\n\t\t\t\t<\/div>\n\t\t\t\t<\/div>\n\t\t\t\t\t<\/div>\n\t\t\t\t<\/div>\n\t\t<div class=\"elementor-element elementor-element-5548353b e-flex e-con-boxed e-con e-parent\" data-id=\"5548353b\" data-element_type=\"container\">\n\t\t\t\t\t<div class=\"e-con-inner\">\n\t\t<div class=\"elementor-element elementor-element-33a79f01 e-con-full e-flex elementor-invisible e-con e-child\" data-id=\"33a79f01\" data-element_type=\"container\" data-settings=\"{&quot;background_background&quot;:&quot;classic&quot;,&quot;animation&quot;:&quot;zoomIn&quot;}\">\n\t\t<div class=\"elementor-element elementor-element-14e828fd e-con-full e-flex e-con e-child\" data-id=\"14e828fd\" data-element_type=\"container\" data-settings=\"{&quot;background_background&quot;:&quot;classic&quot;}\">\n\t\t\t\t<\/div>\n\t\t<div class=\"elementor-element elementor-element-3352ff00 e-con-full e-flex e-con e-child\" data-id=\"3352ff00\" data-element_type=\"container\" data-settings=\"{&quot;background_background&quot;:&quot;classic&quot;}\">\n\t\t\t\t<div class=\"elementor-element elementor-element-fff08e0 elementor-widget elementor-widget-text-editor\" data-id=\"fff08e0\" data-element_type=\"widget\" data-widget_type=\"text-editor.default\">\n\t\t\t\t<div class=\"elementor-widget-container\">\n\t\t\t\t\t\t\t\t\t<p>Schlie\u00dfen Sie rechtzeitig eine Reiser\u00fccktrittsversicherung ab.<\/p>\t\t\t\t\t\t\t\t<\/div>\n\t\t\t\t<\/div>\n\t\t\t\t<div class=\"elementor-element elementor-element-3d76ebde elementor-widget elementor-widget-text-editor\" data-id=\"3d76ebde\" data-element_type=\"widget\" data-widget_type=\"text-editor.default\">\n\t\t\t\t<div class=\"elementor-widget-container\">\n\t\t\t\t\t\t\t\t\t<p><a href=\"https:\/\/recreatieverzekeringen.nl\/verzekeringen\/annuleringsverzekering\" target=\"_blank\" rel=\"noopener\">Klicken Sie hier, um Ihre Reiser\u00fccktrittsversicherung direkt abzuschlie\u00dfen.<\/a><\/p>\t\t\t\t\t\t\t\t<\/div>\n\t\t\t\t<\/div>\n\t\t\t\t<\/div>\n\t\t\t\t<\/div>\n\t\t\t\t\t<\/div>\n\t\t\t\t<\/div>\n\t\t<div class=\"elementor-element elementor-element-45f879e1 e-flex e-con-boxed e-con e-parent\" data-id=\"45f879e1\" data-element_type=\"container\" data-settings=\"{&quot;background_background&quot;:&quot;classic&quot;}\">\n\t\t\t\t\t<div class=\"e-con-inner\">\n\t\t<div class=\"elementor-element elementor-element-4cfca844 e-con-full e-flex elementor-invisible e-con e-child\" data-id=\"4cfca844\" data-element_type=\"container\" data-settings=\"{&quot;animation&quot;:&quot;slideInLeft&quot;}\">\n\t\t\t\t<div class=\"elementor-element elementor-element-7c5f8592 elementor-widget elementor-widget-heading\" data-id=\"7c5f8592\" data-element_type=\"widget\" data-widget_type=\"heading.default\">\n\t\t\t\t<div class=\"elementor-widget-container\">\n\t\t\t\t\t<h2 class=\"elementor-heading-title elementor-size-default\">Sie planen Ihren Urlaub? Dann vergessen Sie nicht die Reiser\u00fccktrittsversicherung \/ Reiseversicherung!<\/h2>\t\t\t\t<\/div>\n\t\t\t\t<\/div>\n\t\t\t\t<\/div>\n\t\t<div class=\"elementor-element elementor-element-86da162 e-con-full e-flex elementor-invisible e-con e-child\" data-id=\"86da162\" data-element_type=\"container\" data-settings=\"{&quot;animation&quot;:&quot;slideInRight&quot;}\">\n\t\t\t\t<div class=\"elementor-element elementor-element-5d28a22b elementor-widget elementor-widget-text-editor\" data-id=\"5d28a22b\" data-element_type=\"widget\" data-widget_type=\"text-editor.default\">\n\t\t\t\t<div class=\"elementor-widget-container\">\n\t\t\t\t\t\t\t\t\tEs gibt nichts Sch\u00f6neres, als Urlaubspl\u00e4ne zu schmieden. Au\u00dfer vielleicht der Feiertag selbst. Was aber, wenn Ihr Urlaub &#8222;ins Wasser f\u00e4llt&#8220;? Zum Beispiel aufgrund von Krankheit oder Tod von Ihnen selbst oder einem Ihrer Verwandten (ersten oder zweiten Grades). Es gibt mehrere Gr\u00fcnde, warum Ihr Urlaub storniert werden sollte. Doppeltes Pech, denn nicht nur wird Ihr Urlaub storniert, Sie m\u00fcssen auch noch die Kosten tragen. Schlie\u00dfen Sie daher eine Reiser\u00fccktrittsversicherung ab. Wenn Ihr Stornierungsgrund n\u00e4mlich von der Versicherung abgedeckt ist, wird Ihnen die volle Stornierungsgeb\u00fchr zur\u00fcckerstattet.\t\t\t\t\t\t\t\t<\/div>\n\t\t\t\t<\/div>\n\t\t\t\t<\/div>\n\t\t\t\t\t<\/div>\n\t\t\t\t<\/div>\n\t\t\t\t<\/div>\n\t\t","protected":false},"excerpt":{"rendered":"<p>Reiser\u00fccktrittsversicherung &#8222;Jachtcharter Hoekstra. Im Nationalpark &#8218;de Alde Feanen&#8216;, Earnew\u00e2ld. Das Herz von Friesland&#8220; Schlie\u00dfen Sie rechtzeitig eine Reiser\u00fccktrittsversicherung ab. Klicken Sie hier, um Ihre Reiser\u00fccktrittsversicherung direkt abzuschlie\u00dfen. Sie planen Ihren Urlaub? Dann vergessen Sie nicht die Reiser\u00fccktrittsversicherung \/ Reiseversicherung! Es gibt nichts Sch\u00f6neres, als Urlaubspl\u00e4ne zu schmieden. Au\u00dfer vielleicht der Feiertag selbst. Was aber, wenn [&hellip;]<\/p>\n","protected":false},"author":1,"featured_media":0,"parent":0,"menu_order":0,"comment_status":"closed","ping_status":"closed","template":"","meta":{"site-sidebar-layout":"no-sidebar","site-content-layout":"page-builder","ast-site-content-layout":"full-width-container","site-content-style":"default","site-sidebar-style":"default","ast-global-header-display":"","ast-banner-title-visibility":"","ast-main-header-display":"","ast-hfb-above-header-display":"","ast-hfb-below-header-display":"","ast-hfb-mobile-header-display":"","site-post-title":"disabled","ast-breadcrumbs-content":"","ast-featured-img":"disabled","footer-sml-layout":"","ast-disable-related-posts":"","theme-transparent-header-meta":"","adv-header-id-meta":"","stick-header-meta":"","header-above-stick-meta":"","header-main-stick-meta":"","header-below-stick-meta":"","astra-migrate-meta-layouts":"default","ast-page-background-enabled":"default","ast-page-background-meta":{"desktop":{"background-color":"","background-image":"","background-repeat":"repeat","background-position":"center center","background-size":"auto","background-attachment":"scroll","background-type":"","background-media":"","overlay-type":"","overlay-color":"","overlay-opacity":"","overlay-gradient":""},"tablet":{"background-color":"","background-image":"","background-repeat":"repeat","background-position":"center center","background-size":"auto","background-attachment":"scroll","background-type":"","background-media":"","overlay-type":"","overlay-color":"","overlay-opacity":"","overlay-gradient":""},"mobile":{"background-color":"","background-image":"","background-repeat":"repeat","background-position":"center center","background-size":"auto","background-attachment":"scroll","background-type":"","background-media":"","overlay-type":"","overlay-color":"","overlay-opacity":"","overlay-gradient":""}},"ast-content-background-meta":{"desktop":{"background-color":"var(--ast-global-color-5)","background-image":"","background-repeat":"repeat","background-position":"center center","background-size":"auto","background-attachment":"scroll","background-type":"","background-media":"","overlay-type":"","overlay-color":"","overlay-opacity":"","overlay-gradient":""},"tablet":{"background-color":"var(--ast-global-color-5)","background-image":"","background-repeat":"repeat","background-position":"center center","background-size":"auto","background-attachment":"scroll","background-type":"","background-media":"","overlay-type":"","overlay-color":"","overlay-opacity":"","overlay-gradient":""},"mobile":{"background-color":"var(--ast-global-color-5)","background-image":"","background-repeat":"repeat","background-position":"center center","background-size":"auto","background-attachment":"scroll","background-type":"","background-media":"","overlay-type":"","overlay-color":"","overlay-opacity":"","overlay-gradient":""}},"footnotes":""},"class_list":["post-3079","page","type-page","status-publish","hentry"],"_links":{"self":[{"href":"https:\/\/hoekstra-jachtcharter.nl\/de\/wp-json\/wp\/v2\/pages\/3079","targetHints":{"allow":["GET"]}}],"collection":[{"href":"https:\/\/hoekstra-jachtcharter.nl\/de\/wp-json\/wp\/v2\/pages"}],"about":[{"href":"https:\/\/hoekstra-jachtcharter.nl\/de\/wp-json\/wp\/v2\/types\/page"}],"author":[{"embeddable":true,"href":"https:\/\/hoekstra-jachtcharter.nl\/de\/wp-json\/wp\/v2\/users\/1"}],"replies":[{"embeddable":true,"href":"https:\/\/hoekstra-jachtcharter.nl\/de\/wp-json\/wp\/v2\/comments?post=3079"}],"version-history":[{"count":1,"href":"https:\/\/hoekstra-jachtcharter.nl\/de\/wp-json\/wp\/v2\/pages\/3079\/revisions"}],"predecessor-version":[{"id":3081,"href":"https:\/\/hoekstra-jachtcharter.nl\/de\/wp-json\/wp\/v2\/pages\/3079\/revisions\/3081"}],"wp:attachment":[{"href":"https:\/\/hoekstra-jachtcharter.nl\/de\/wp-json\/wp\/v2\/media?parent=3079"}],"curies":[{"name":"wp","href":"https:\/\/api.w.org\/{rel}","templated":true}]}}